{"id":829,"date":"2025-05-19T17:08:44","date_gmt":"2025-05-19T15:08:44","guid":{"rendered":"https:\/\/wingfotografie.de\/?page_id=829"},"modified":"2025-05-19T17:18:45","modified_gmt":"2025-05-19T15:18:45","slug":"dsgvo","status":"publish","type":"page","link":"https:\/\/wingfotografie.de\/?page_id=829","title":{"rendered":"DSGVO"},"content":{"rendered":"\t\t<div data-elementor-type=\"wp-page\" data-elementor-id=\"829\" class=\"elementor elementor-829\" data-elementor-post-type=\"page\">\n\t\t\t\t<div class=\"elementor-element elementor-element-9b1cc78 e-flex e-con-boxed e-con e-parent\" data-id=\"9b1cc78\" data-element_type=\"container\" data-e-type=\"container\">\n\t\t\t\t\t<div class=\"e-con-inner\">\n\t\t\t\t<div class=\"elementor-element elementor-element-97bbf6d elementor-widget elementor-widget-text-editor\" data-id=\"97bbf6d\" data-element_type=\"widget\" data-e-type=\"widget\" data-widget_type=\"text-editor.default\">\n\t\t\t\t<div class=\"elementor-widget-container\">\n\t\t\t\t\t\t\t\t\t<div><h4>Datenschutzerkl\u00e4rung<\/h4><\/div><div><p>Verantwortlicher im Sinne der Datenschutzgrundverordnung, sonstiger in den Mitgliedstaaten der Europ\u00e4ischen Union geltenden Datenschutzgesetze und anderer Bestimmungen mit datenschutzrechtlichem Charakter ist Jennifer Wingerter (nachfolgend, Verantwortlicher\u201c bzw. \u201ewir\u201c oder \u201euns\u201c).<\/p><\/div><div><p>1. Umfang und Zweck der Verarbeitung personenbezogener Daten<\/p><\/div><div><p>Im Rahmen des Vertragsschlusses erheben und verarbeiten wir Ihre<\/p><\/div><div><p>personenbezogenen Daten zu dem Zweck der Vertragserfu\u0308llung und bestm\u00f6glichen Vorbereitung unserer Leistungen. Zu diesem Zweck speichern wir nicht nur Ihre Namen und Ihre Anschrift sowie Ihre Kontaktdaten, sondern auch weitere Informationen u\u0308ber die geplante Hochzeit, die G\u00e4ste und die Location. Dies dient alles dazu, uns auf den gro\u00dfen Tag vorzubereiten und unvergessliche Erinnerungen fu\u0308r Sie anfertigen zu k\u00f6nnen. Daru\u0308ber hinaus verwenden wir einige der auf Ihrer Hochzeit angefertigten Fotos zu eigenen Werbezwecken. Dies erfolgt ohne Nennung Ihrer Zunamen oder anderer Kontaktdaten, allerdings unter Verwendung Ihrer jeweiligen Vornamen. Die Verbreitung dieser Fotos wird u\u0308berwiegend in digitaler Form auf unserer eigenen Webseite vorgenommen, kann aber im Zusammenhang mit Referenzen an andere Stelle von uns aufgefu\u0308hrt und ver\u00f6ffentlicht werden. Schlie\u00dflich laden wir Ihre Hochzeitsbilder auf die Plattform Scrappbookhoch, um Ihnen hier einen Zugriff auf alle Fotos zu gestatten. Die Plattform wird betrieben von Photostore24.online GmbH vertreten durch Markus Reichl. Ein Zugriff auf die hochgeladenen Fotos ist nur den jeweils berechtigten Inhabern eines Passwortes m\u00f6glich.<\/p><\/div><div><p>2. Rechtsgrundlage<\/p><\/div><div><p>Bei der Verarbeitung von personenbezogenen Daten, die zur Erfu\u0308llung eines Vertrages, dessen Vertragspartei die betroffene Person ist, erforderlich ist, dient Art. 6 Abs. 1 lit. b DSGVO als Rechtsgrundlage. Dies gilt auch fu\u0308r Verarbeitungsvorg\u00e4nge, die zur Durchfu\u0308hrung vorvertraglicher Ma\u00dfnahmen erforderlich sind.<\/p><\/div><div><p>Bei der weiteren Verarbeitung und Speicherung personenbezogener Daten, in denen eine Einwilligung vorliegt, ist 6 Abs. 1 lit. a DSGVO Rechtsgrundlage.<\/p><div><div><p>3. Datenl\u00f6schung und Speicherdauer<\/p><\/div><div><p>Die personenbezogenen Daten unserer Kunden werden gel\u00f6scht oder gesperrt, sobald der Zweck der Speicherung entf\u00e4llt. Dies ist in dem vorliegenden Fall dann erfu\u0308llt, wenn der Vertrag vollst\u00e4ndig erfu\u0308llt ist, die Gew\u00e4hrleistungs- und sonstigen mit dem Vertrag in Verbindung stehenden Rechte beider Seiten erloschen sind und die steuer- oder handelsrechtlichen Vorschriften u\u0308ber die Speicherdauer von<\/p><\/div><div><p>Vertragsdokumenten abgelaufen ist. Eine daru\u0308ber hinaus gehende Speicherung erfolgt nur dann, wenn dies durch den europ\u00e4ischen oder nationalen Gesetzgeber in unionsrechtlichen Verordnungen, Gesetzen oder sonstigen Vorschriften, denen wir unterliegen, ausdru\u0308cklich vorgesehen wurde. Eine Sperrung oder L\u00f6schung der Daten erfolgt, wenn eine durch die genannten Normen vorgeschriebene Speicherfrist abl\u00e4uft, es sei denn, dass eine Erforderlichkeit zur weiteren Speicherung der Daten fu\u0308r einen Vertragsabschluss oder eine Vertragserfu\u0308llung besteht.<\/p><\/div><div><p>Wir weisen ausdru\u0308cklich darauf hin, dass die Onlinegalerie nur 12 Monate nach der Hochzeit erreichbar ist und im Anschluss hieran gel\u00f6scht wird.<\/p><\/div><div><p>4. Weitergabe der Daten an Dritte<\/p><\/div><div><p>Eine Weitergabe personenbezogener Daten an Dritte, mit Ausnahme der zuvor beschriebenen Verwendung von Lichtbildern zur eigenen Werbung und der Onlinegalerie, erfolgt nicht.<\/p><\/div><div><p>5. Rechte der betroffenen Person<\/p><\/div><div><p>Werden personenbezogene Daten von Ihnen verarbeitet, sind Sie Betroffener i.S.d.<\/p><\/div><div><p>DS-GVO und es stehen Ihnen folgende Rechte gegenu\u0308ber uns (\u201edem<\/p><\/div><div><p>Verantwortlichen\u201c) zu:<\/p><\/div><div><p>(1) Auskunftsrecht<\/p><\/div><div><p>Sie k\u00f6nnen von uns eine Best\u00e4tigung daru\u0308ber verlangen, ob personenbezogene Daten, die Sie betreffen, von uns verarbeitet werden. Liegt eine solche Verarbeitung vor, k\u00f6nnen Sie von uns u\u0308ber folgende Informationen Auskunft verlangen:<\/p><\/div><div><p>a. die Zwecke, zu denen die personenbezogenen Daten verarbeitet werden;<\/p><div><div><p>b. die Kategorien von personenbezogenen Daten, welche verarbeitet werden;<\/p><\/div><div><p>c. die Empf\u00e4nger bzw. die Kategorien von Empf\u00e4ngern, gegenu\u0308ber denen die Sie betreffenden personenbezogenen Daten offen gelegt wurden oder noch offen gelegt werden;<\/p><\/div><div><p>d. die geplante Dauer der Speicherung der Sie betreffenden personenbezogenen Daten oder, falls konkrete Angaben hierzu nicht m\u00f6glich sind, Kriterien fu\u0308r die Festlegung der Speicherdauer;<\/p><\/div><div><p>e. das Bestehen eines Rechts auf Berichtigung oder L\u00f6schung der Sie betreffenden personenbezogenen Daten, eines Rechts auf Einschr\u00e4nkung der Verarbeitung oder eines Widerspruchsrechts gegen diese Verarbeitung;<\/p><\/div><div><p>f. das Bestehen eines Beschwerderechts bei einer Aufsichtsbeh\u00f6rde;<\/p><\/div><div><p>g. alle verfu\u0308gbaren Informationen u\u0308ber die Herkunft der Daten, wenn die<\/p><\/div><div><p>personenbezogenen Daten nicht bei der betroffenen Person erhoben werden. Ihnen steht das Recht zu, Auskunft daru\u0308ber zu verlangen, ob die Sie betreffenden personenbezogenen Daten in ein Drittland oder an eine internationale Organisation u\u0308bermittelt werden. In diesem Zusammenhang k\u00f6nnen Sie verlangen, u\u0308ber die geeigneten Garantien gem. Art. 46 DS-GVO im Zusammenhang mit der \u00dcbermittlung unterrichtet zu werden.<\/p><\/div><div><p>(2) Recht auf Berichtigung<\/p><\/div><div><p>Sie haben ein Recht auf Berichtigung und\/oder Vervollst\u00e4ndigung, sofern die verarbeiteten personenbezogenen Daten, die Sie betreffen, unrichtig oder unvollst\u00e4ndig sind. Wir haben die Berichtigung unverzu\u0308glich vorzunehmen.<\/p><\/div><div><p>(3) Recht auf L\u00f6schung<\/p><\/div><div><p>3.1) Sie k\u00f6nnen von uns verlangen, dass die Sie betreffenden personenbezogenen Daten unverzu\u0308glich gel\u00f6scht werden, und wir sind verpflichtet diese Daten unverzu\u0308glich zu l\u00f6schen, sofern einer der folgenden Gru\u0308nde zutrifft:<\/p><\/div><div><p>a. Die Sie betreffenden personenbezogenen Daten sind fu\u0308r die Zwecke, fu\u0308r die sie erhoben oder auf sonstige Weise verarbeitet wurden, nicht mehr notwendig<\/p><div><div><p>b. Sie widerrufen Ihre Einwilligung, auf die sich die Verarbeitung gem. Art. 6 Abs.1 lit. a oder Art. 9 Abs. 2 lit. a DS-GVO stu\u0308tzte, und es fehlt an einer anderweitigen Rechtsgrundlage fu\u0308r die Verarbeitung.<\/p><\/div><div><p>c. Sie legen gem. Art. 21 Abs. 1 DS-GVO Widerspruch gegen die Verarbeitung ein und es liegen keine vorrangigen berechtigten Gru\u0308nde fu\u0308r die Verarbeitung vor, oder die Sie legen gem. Art. 21 Abs. 2 DS-GVO Widerspruch gegen die Verarbeitung ein.<\/p><\/div><div><p>d. Die Sie betreffenden personenbezogenen Daten wurden unrechtm\u00e4\u00dfig verarbeitet.<\/p><\/div><div><p>e. Die L\u00f6schung der Sie betreffenden personenbezogenen Daten ist zur Erfu\u0308llung einer rechtlichen Verpflichtung nach dem Unionsrecht oder dem Recht der Bundesrepublik Deutschland erforderlich.<\/p><\/div><div><p>f. Die Sie betreffenden personenbezogenen Daten wurden in Bezug auf angebotene Dienste der Informationsgesellschaft gem\u00e4\u00df Art. 8 Abs. 1 DSGVO erhoben.<\/p><\/div><div><p>(4) Recht auf Einschr\u00e4nkung der Verarbeitung<\/p><\/div><div><p>Unter den folgenden Voraussetzungen k\u00f6nnen Sie die Einschr\u00e4nkung der Verarbeitung der Sie betreffenden personenbezogenen Daten verlangen:<\/p><\/div><div><p>a. Wenn Sie die Richtigkeit der Sie betreffenden personenbezogenen Daten fu\u0308r eine Dauer bestreiten, die es uns erm\u00f6glicht, die Richtigkeit der personenbezogenen Daten zu u\u0308berpru\u0308fen;<\/p><\/div><div><p>b. Die Verarbeitung unrechtm\u00e4\u00dfig ist und Sie die L\u00f6schung der personenbezogenen Daten ablehnen und stattdessen die Einschr\u00e4nkung der Nutzung der personenbezogenen Daten verlangen;<\/p><\/div><div><p>c. Wir die personenbezogenen Daten fu\u0308r die Zwecke der Verarbeitung nicht l\u00e4nger ben\u00f6tigen, Sie diese jedoch zur Geltendmachung, Ausu\u0308bung oder Verteidigung von Rechtsanspru\u0308chen ben\u00f6tigen, oder<\/p><\/div><div><p>d. Wenn Sie Widerspruch gegen die Verarbeitung gem\u00e4\u00df Art. 21 Abs. 1 DS-GVO eingelegt haben und noch nicht feststeht, ob unsere berechtigten Gru\u0308nde Ihren Gru\u0308nden u\u0308berwiegen.<\/p><\/div><\/div><\/div><\/div><\/div><\/div><div><div><p>\u00a0<\/p><\/div><div><p>Wurde die Verarbeitung der Sie betreffenden personenbezogenen Daten eingeschr\u00e4nkt, du\u0308rfen diese Daten \u2013 von ihrer Speicherung abgesehen \u2013 nur mitIhrer Einwilligung oder zur Geltendmachung, Ausu\u0308bung oder Verteidigung von Rechtsanspru\u0308chen oder zum Schutz der Rechte einer anderen natu\u0308rlichen oder juristischen Person oder aus Gru\u0308nden eines wichtigen \u00f6ffentlichen Interesses der Union oder eines Mitgliedstaats verarbeitet werden.<\/p><\/div><div><p>Wurde die Einschr\u00e4nkung der Verarbeitung nach den o.g. Voraussetzungen eingeschr\u00e4nkt, werden Sie von uns unterrichtet, bevor die Einschr\u00e4nkung aufgehoben wird.<\/p><\/div><div><p>(5) Recht auf Unterrichtung<\/p><\/div><div><p>Haben Sie das Recht auf Berichtigung, L\u00f6schung oder Einschr\u00e4nkung der Verarbeitung geltend gemacht, sind wir verpflichtet, allen Empf\u00e4ngern, denen die Sie betreffenden personenbezogenen Daten offen gelegt wurden, diese Berichtigung oder L\u00f6schung der Daten oder Einschr\u00e4nkung der Verarbeitung mitzuteilen, es sei denn, dies erweist sich als unm\u00f6glich oder ist mit einem unverh\u00e4ltnism\u00e4\u00dfigen Aufwand verbunden. Ihnen steht zudem das Recht zu, u\u0308ber diese Empf\u00e4nger unterrichtet zu werden.<\/p><\/div><div><p>(6) Recht auf Datenu\u0308bertragbarkeit<\/p><\/div><div><p>Sie haben das Recht, die Sie betreffenden personenbezogenen Daten, die Sie uns bereitgestellt haben, in einem strukturierten, g\u00e4ngigen und maschinenlesbaren Format zu erhalten. Au\u00dferdem haben Sie das Recht diese Daten einem anderen Verantwortlichen ohne Behinderung durch uns zu u\u0308bermitteln, sofern dies technisch machbar ist. Freiheiten und Rechte anderer Personen du\u0308rfen hierdurch nicht beeintr\u00e4chtigt werden<\/p><div><div><p>(7) Widerspruchsrecht<\/p><\/div><div><p>Sie haben das Recht, aus Gru\u0308nden, die sich aus ihrer besonderen Situation ergeben, jederzeit gegen die Verarbeitung der Sie betreffenden personenbezogenen Daten, die aufgrund von Art. 6 Abs. 1 lit. e oder f DS-GVO erfolgt, Widerspruch einzulegen. Nach einem Widerspruch verarbeiten wir die Sie betreffenden personenbezogenen Daten nicht mehr, es sei denn, wir k\u00f6nnen zwingende schutzwu\u0308rdige Gru\u0308nde fu\u0308r die Verarbeitung nachweisen, die Ihren Interessen, Rechten und Freiheiten u\u0308berwiegen, oder die Verarbeitung dient der Geltendmachung, Ausu\u0308bung oder Verteidigung von Rechtsanspru\u0308chen.<\/p><\/div><div><p>(8) Recht auf Beschwerde bei einer Aufsichtsbeh\u00f6rde<\/p><\/div><div><p>Unbeschadet eines anderweitigen verwaltungsrechtlichen oder gerichtlichen Rechtsbehelfs steht Ihnen das Recht auf Beschwerde bei einer Aufsichtsbeh\u00f6rde, insbesondere in dem Mitgliedstaat ihres Aufenthaltsorts, ihres Arbeitsplatzes oder des Orts des mutma\u00dflichen Versto\u00dfes, wenn Sie der Ansicht sind, dass die Verarbeitung der Sie betreffenden personenbezogenen Daten gegen die DS-GVO verst\u00f6\u00dft.<\/p><\/div><\/div><p>\u00a0<\/p><\/div><\/div><\/div>\t\t\t\t\t\t\t\t<\/div>\n\t\t\t\t<\/div>\n\t\t\t\t\t<\/div>\n\t\t\t\t<\/div>\n\t\t\t\t<\/div>\n\t\t","protected":false},"excerpt":{"rendered":"<p>Datenschutzerkl\u00e4rung Verantwortlicher im Sinne der Datenschutzgrundverordnung, sonstiger in den Mitgliedstaaten der Europ\u00e4ischen Union geltenden Datenschutzgesetze und anderer Bestimmungen mit datenschutzrechtlichem Charakter ist Jennifer Wingerter (nachfolgend, Verantwortlicher\u201c bzw. \u201ewir\u201c oder \u201euns\u201c). 1. Umfang und Zweck der Verarbeitung personenbezogener Daten Im Rahmen des Vertragsschlusses erheben und verarbeiten wir Ihre personenbezogenen Daten zu dem Zweck der Vertragserfu\u0308llung und [&hellip;]<\/p>\n","protected":false},"author":1,"featured_media":0,"parent":0,"menu_order":0,"comment_status":"closed","ping_status":"closed","template":"","meta":{"footnotes":""},"class_list":["post-829","page","type-page","status-publish","hentry"],"aioseo_notices":[],"_links":{"self":[{"href":"https:\/\/wingfotografie.de\/index.php?rest_route=\/wp\/v2\/pages\/829","targetHints":{"allow":["GET"]}}],"collection":[{"href":"https:\/\/wingfotografie.de\/index.php?rest_route=\/wp\/v2\/pages"}],"about":[{"href":"https:\/\/wingfotografie.de\/index.php?rest_route=\/wp\/v2\/types\/page"}],"author":[{"embeddable":true,"href":"https:\/\/wingfotografie.de\/index.php?rest_route=\/wp\/v2\/users\/1"}],"replies":[{"embeddable":true,"href":"https:\/\/wingfotografie.de\/index.php?rest_route=%2Fwp%2Fv2%2Fcomments&post=829"}],"version-history":[{"count":4,"href":"https:\/\/wingfotografie.de\/index.php?rest_route=\/wp\/v2\/pages\/829\/revisions"}],"predecessor-version":[{"id":836,"href":"https:\/\/wingfotografie.de\/index.php?rest_route=\/wp\/v2\/pages\/829\/revisions\/836"}],"wp:attachment":[{"href":"https:\/\/wingfotografie.de\/index.php?rest_route=%2Fwp%2Fv2%2Fmedia&parent=829"}],"curies":[{"name":"wp","href":"https:\/\/api.w.org\/{rel}","templated":true}]}}