{"id":21,"date":"2025-02-15T18:06:03","date_gmt":"2025-02-15T17:06:03","guid":{"rendered":"https:\/\/wingfotografie.de\/?page_id=21"},"modified":"2026-01-16T17:33:38","modified_gmt":"2026-01-16T16:33:38","slug":"ueber-mich","status":"publish","type":"page","link":"https:\/\/wingfotografie.de\/?page_id=21","title":{"rendered":"\u00dcber mich"},"content":{"rendered":"\t\t<div data-elementor-type=\"wp-page\" data-elementor-id=\"21\" class=\"elementor elementor-21\" data-elementor-post-type=\"page\">\n\t\t\t\t<div class=\"elementor-element elementor-element-22228bc elementor-hidden-tablet elementor-hidden-mobile e-flex e-con-boxed e-con e-parent\" data-id=\"22228bc\" data-element_type=\"container\" data-e-type=\"container\">\n\t\t\t\t\t<div class=\"e-con-inner\">\n\t\t\t\t<div class=\"elementor-element elementor-element-4e5f904 elementor-widget elementor-widget-spacer\" data-id=\"4e5f904\" data-element_type=\"widget\" data-e-type=\"widget\" data-widget_type=\"spacer.default\">\n\t\t\t\t<div class=\"elementor-widget-container\">\n\t\t\t\t\t\t\t<div class=\"elementor-spacer\">\n\t\t\t<div class=\"elementor-spacer-inner\"><\/div>\n\t\t<\/div>\n\t\t\t\t\t\t<\/div>\n\t\t\t\t<\/div>\n\t\t\t\t\t<\/div>\n\t\t\t\t<\/div>\n\t\t<div class=\"elementor-element elementor-element-9d27d48 e-grid e-con-full e-con e-parent\" data-id=\"9d27d48\" data-element_type=\"container\" data-e-type=\"container\">\n\t\t<div class=\"elementor-element elementor-element-a0ac5fc e-con-full e-flex e-con e-child\" data-id=\"a0ac5fc\" data-element_type=\"container\" data-e-type=\"container\">\n\t\t\t\t<div class=\"elementor-element elementor-element-8d6c11a elementor-widget elementor-widget-image\" data-id=\"8d6c11a\" data-element_type=\"widget\" data-e-type=\"widget\" data-widget_type=\"image.default\">\n\t\t\t\t<div class=\"elementor-widget-container\">\n\t\t\t\t\t\t\t\t\t\t\t\t\t\t\t<img fetchpriority=\"high\" decoding=\"async\" width=\"768\" height=\"512\" src=\"https:\/\/wingfotografie.de\/wp-content\/uploads\/2025\/10\/IMG_6862-768x512.jpg\" class=\"attachment-medium_large size-medium_large wp-image-855\" alt=\"\" srcset=\"https:\/\/wingfotografie.de\/wp-content\/uploads\/2025\/10\/IMG_6862-768x512.jpg 768w, https:\/\/wingfotografie.de\/wp-content\/uploads\/2025\/10\/IMG_6862-300x200.jpg 300w, https:\/\/wingfotografie.de\/wp-content\/uploads\/2025\/10\/IMG_6862-1024x683.jpg 1024w, https:\/\/wingfotografie.de\/wp-content\/uploads\/2025\/10\/IMG_6862-1536x1024.jpg 1536w, https:\/\/wingfotografie.de\/wp-content\/uploads\/2025\/10\/IMG_6862-2048x1365.jpg 2048w, https:\/\/wingfotografie.de\/wp-content\/uploads\/2025\/10\/IMG_6862-1400x933.jpg 1400w, https:\/\/wingfotografie.de\/wp-content\/uploads\/2025\/10\/IMG_6862-800x533.jpg 800w\" sizes=\"(max-width: 768px) 100vw, 768px\" \/>\t\t\t\t\t\t\t\t\t\t\t\t\t\t\t<\/div>\n\t\t\t\t<\/div>\n\t\t\t\t<\/div>\n\t\t\t\t<div class=\"elementor-element elementor-element-57d79d3 elementor-widget__width-initial elementor-widget elementor-widget-text-editor\" data-id=\"57d79d3\" data-element_type=\"widget\" data-e-type=\"widget\" data-widget_type=\"text-editor.default\">\n\t\t\t\t<div class=\"elementor-widget-container\">\n\t\t\t\t\t\t\t\t\t<p class=\"p3\" style=\"text-align: left;\"><span class=\"s2\">Hey, ich bin Jenny!<\/span><\/p><p class=\"p3\" style=\"text-align: left;\"><span class=\"s2\">Seit meiner Jugend begeistert mich die Fotografie, und was einst als Hobby begann, ist heute meine gr\u00f6\u00dfte Leidenschaft. Mein Herz schl\u00e4gt f\u00fcr nat\u00fcrliche, emotionale Bilder, die echte Momente und Gef\u00fchle einfangen \u2013 genau so, wie sie sind. Ob Hochzeiten, Taufen, Babybauch-Shootings oder Portraits \u2013 f\u00fcr mich geht es darum, Erinnerungen zu schaffen, die noch Jahre sp\u00e4ter ber\u00fchren. <\/span><span class=\"s2\">Jede Aufnahme soll eine Geschichte erz\u00e4hlen, die das Leben schreibt \u2013 voller Liebe, Freude und echter Verbindungen.\u00a0<\/span><\/p><p class=\"p3\" style=\"text-align: left;\"><span class=\"s2\">Meine Shootings sind locker, entspannt und ungezwungen \u2013 so, dass du dich wohlf\u00fchlst und einfach du selbst sein kannst. Neben der Fotografie begeistert mich alles, womit ich mich kreativ ausleben kann. Ich probiere gerne Neues aus und lasse mich von kleinen und gro\u00dfen Momenten inspirieren. <\/span><span class=\"s1\">Ich liebe es auch, zu lesen \u2013 B\u00fccher und ihre Geschichten faszinieren mich, weil sie auf ihre ganz eigene Weise Gef\u00fchle und Erlebnisse lebendig machen.<\/span><\/p><p class=\"p3\" style=\"text-align: left;\"><span class=\"s2\">Lass uns gemeinsam Erinnerungen schaffen, die f\u00fcr immer bleiben! Ich freue mich, von dir zu h\u00f6ren.<\/span><\/p>\t\t\t\t\t\t\t\t<\/div>\n\t\t\t\t<\/div>\n\t\t\t\t<\/div>\n\t\t\t\t<\/div>\n\t\t","protected":false},"excerpt":{"rendered":"<p>Hey, ich bin Jenny! Seit meiner Jugend begeistert mich die Fotografie, und was einst als Hobby begann, ist heute meine gr\u00f6\u00dfte Leidenschaft. Mein Herz schl\u00e4gt f\u00fcr nat\u00fcrliche, emotionale Bilder, die echte Momente und Gef\u00fchle einfangen \u2013 genau so, wie sie sind. Ob Hochzeiten, Taufen, Babybauch-Shootings oder Portraits \u2013 f\u00fcr mich geht es darum, Erinnerungen zu [&hellip;]<\/p>\n","protected":false},"author":1,"featured_media":0,"parent":0,"menu_order":0,"comment_status":"closed","ping_status":"closed","template":"elementor_theme","meta":{"footnotes":""},"class_list":["post-21","page","type-page","status-publish","hentry"],"aioseo_notices":[],"_links":{"self":[{"href":"https:\/\/wingfotografie.de\/index.php?rest_route=\/wp\/v2\/pages\/21","targetHints":{"allow":["GET"]}}],"collection":[{"href":"https:\/\/wingfotografie.de\/index.php?rest_route=\/wp\/v2\/pages"}],"about":[{"href":"https:\/\/wingfotografie.de\/index.php?rest_route=\/wp\/v2\/types\/page"}],"author":[{"embeddable":true,"href":"https:\/\/wingfotografie.de\/index.php?rest_route=\/wp\/v2\/users\/1"}],"replies":[{"embeddable":true,"href":"https:\/\/wingfotografie.de\/index.php?rest_route=%2Fwp%2Fv2%2Fcomments&post=21"}],"version-history":[{"count":143,"href":"https:\/\/wingfotografie.de\/index.php?rest_route=\/wp\/v2\/pages\/21\/revisions"}],"predecessor-version":[{"id":6099,"href":"https:\/\/wingfotografie.de\/index.php?rest_route=\/wp\/v2\/pages\/21\/revisions\/6099"}],"wp:attachment":[{"href":"https:\/\/wingfotografie.de\/index.php?rest_route=%2Fwp%2Fv2%2Fmedia&parent=21"}],"curies":[{"name":"wp","href":"https:\/\/api.w.org\/{rel}","templated":true}]}}